{"id":20926,"date":"2023-08-13T13:20:13","date_gmt":"2023-08-13T13:20:13","guid":{"rendered":"https:\/\/jewelsbyares.com\/?post_type=product&#038;p=20926"},"modified":"2026-04-13T06:28:56","modified_gmt":"2026-04-13T06:28:56","slug":"schutz-diamond-string-armband","status":"publish","type":"product","link":"https:\/\/jewelsbyares.com\/de\/shop\/protection-diamond-string-bracelet\/","title":{"rendered":"Schwarzes Diamant-Fadenarmband"},"content":{"rendered":"<p style=\"text-align: center;\">Eine zarte Balance aus Schlichtheit und Eleganz. Mit einem nat\u00fcrlichen Diamanten in Gold auf einem verstellbaren schwarzen Faden ist dieses Armband ein modernes Symbol f\u00fcr zur\u00fcckhaltenden Luxus \u2013 leicht, vielseitig und zeitlos.<\/p>\n<p style=\"text-align: center;\">Die Farbe Schwarz steht f\u00fcr Schutz, St\u00e4rke und Erdung. Sie wird getragen, um negative Einfl\u00fcsse abzuwehren und Stabilit\u00e4t zu verleihen.<\/p>\n<hr style=\"border: 0; border-top: 1px solid #ddd; max-width: 200px; margin: 20px auto;\" \/>\n<h5 style=\"text-align: center;\" data-start=\"99\" data-end=\"380\">Unser Schmuck aus massivem Gold<\/h5>\n<p style=\"text-align: center;\" data-start=\"99\" data-end=\"380\">Aus 14 Karat massivem Gold gefertigt, sind unsere Schmuckst\u00fccke f\u00fcr ein Leben lang gemacht \u2013 niemals plattiert, niemals gef\u00fcllt. Hypoallergen, anlaufresistent und f\u00fcr t\u00e4gliche Eleganz entworfen.<\/p>\n<p style=\"text-align: center;\" data-start=\"99\" data-end=\"380\">Massives Gold \u2013 100 % Karatgold<img decoding=\"async\" class=\"aligncenter wp-image-25349\" src=\"https:\/\/jewelsbyares.com\/wp-content\/uploads\/2023\/08\/ss.svg\" alt=\"\" width=\"100\" height=\"100\" \/><\/p>\n<h5 style=\"text-align: center;\" data-start=\"99\" data-end=\"380\">Andere<\/h5>\n<p style=\"text-align: center;\">Gold Filled \u2013 5\u202f% Karatgold-Legierung<\/p>\n<p style=\"text-align: center;\" data-start=\"99\" data-end=\"380\"><a href=\"https:\/\/jewelsbyares.com\/wp-content\/uploads\/2023\/08\/ss-1.svg\"><img decoding=\"async\" class=\"alignnone wp-image-25351\" src=\"https:\/\/jewelsbyares.com\/wp-content\/uploads\/2023\/08\/ss-1.svg\" alt=\"\" width=\"100\" height=\"100\" \/><\/a><\/p>\n<p style=\"text-align: center;\" data-start=\"99\" data-end=\"380\">Gold Vermeil \u2013 1\u202f% Karatgoldauflage<\/p>\n<p data-start=\"99\" data-end=\"380\"><a href=\"https:\/\/jewelsbyares.com\/wp-content\/uploads\/2023\/08\/ss-2.svg\"><img decoding=\"async\" class=\"aligncenter wp-image-25352\" src=\"https:\/\/jewelsbyares.com\/wp-content\/uploads\/2023\/08\/ss-2.svg\" alt=\"\" width=\"100\" height=\"100\" \/><\/a><\/p>\n<p style=\"text-align: center;\" data-start=\"99\" data-end=\"380\">Vergoldet \u2013 0,2\u202f% Karatgoldauflage<\/p>\n<p data-start=\"99\" data-end=\"380\"><a href=\"https:\/\/jewelsbyares.com\/wp-content\/uploads\/2023\/08\/ss-3.svg\"><img loading=\"lazy\" decoding=\"async\" class=\"aligncenter wp-image-25353\" src=\"https:\/\/jewelsbyares.com\/wp-content\/uploads\/2023\/08\/ss-3.svg\" alt=\"\" width=\"100\" height=\"100\" \/><\/a><\/p>\n<hr style=\"border: 0; border-top: 1px solid #ddd; max-width: 200px; margin: 20px auto;\" \/>\n<h5 style=\"text-align: center; font-weight: normal; max-width: 400px; margin: 0 auto;\">Unsere exklusive, geschenkfertige Schmuckbox<\/h5>\n<p style=\"text-align: center;\">Aus umweltfreundlichen Materialien gefertigt, eine elegante schwarze Schmuckbox mit feinen goldenen Details \u2013 die perfekte Pr\u00e4sentation f\u00fcr ein zeitloses Geschenk.<\/p>\n<p style=\"text-align: center;\"><img loading=\"lazy\" decoding=\"async\" class=\"alignnone wp-image-25341 size-large\" style=\"border-radius: 10px;\" src=\"https:\/\/jewelsbyares.com\/wp-content\/uploads\/2023\/08\/Untitled-design-2025-09-13T154859.887-960x960.jpg\" alt=\"\" width=\"640\" height=\"640\" srcset=\"https:\/\/jewelsbyares.com\/wp-content\/uploads\/2023\/08\/Untitled-design-2025-09-13T154859.887-960x960.jpg 960w, https:\/\/jewelsbyares.com\/wp-content\/uploads\/2023\/08\/Untitled-design-2025-09-13T154859.887-150x150.jpg 150w, https:\/\/jewelsbyares.com\/wp-content\/uploads\/2023\/08\/Untitled-design-2025-09-13T154859.887-600x600.jpg 600w, https:\/\/jewelsbyares.com\/wp-content\/uploads\/2023\/08\/Untitled-design-2025-09-13T154859.887-300x300.jpg 300w, https:\/\/jewelsbyares.com\/wp-content\/uploads\/2023\/08\/Untitled-design-2025-09-13T154859.887-100x100.jpg 100w, https:\/\/jewelsbyares.com\/wp-content\/uploads\/2023\/08\/Untitled-design-2025-09-13T154859.887-768x768.jpg 768w, https:\/\/jewelsbyares.com\/wp-content\/uploads\/2023\/08\/Untitled-design-2025-09-13T154859.887-12x12.jpg 12w, https:\/\/jewelsbyares.com\/wp-content\/uploads\/2023\/08\/Untitled-design-2025-09-13T154859.887-96x96.jpg 96w, https:\/\/jewelsbyares.com\/wp-content\/uploads\/2023\/08\/Untitled-design-2025-09-13T154859.887.jpg 1000w\" sizes=\"(max-width: 640px) 100vw, 640px\" \/><\/p>\n<hr style=\"border: 0; border-top: 1px solid #ddd; max-width: 200px; margin: 20px auto;\" \/>\n<h5 style=\"text-align: center; font-weight: normal; max-width: 400px; margin: 0 auto;\">Handgefertigt in Europa<\/h5>\n<p style=\"text-align: center;\">Unsere Diamant-Fadenarmb\u00e4nder werden sorgf\u00e4ltig in Litauen handgefertigt, w\u00e4hrend unser Feinschmuck fachm\u00e4nnisch in Italien hergestellt wird \u2013 ein wahrer Beweis f\u00fcr europ\u00e4ische Handwerkskunst und zeitlose Eleganz.<\/p>\n<p><img loading=\"lazy\" decoding=\"async\" class=\"wp-image-25355 size-large aligncenter\" style=\"border-radius: 10px; max-width: 100%; height: auto;\" src=\"https:\/\/jewelsbyares.com\/wp-content\/uploads\/2023\/08\/ss-1-960x960.jpg\" alt=\"\" width=\"640\" height=\"640\" srcset=\"https:\/\/jewelsbyares.com\/wp-content\/uploads\/2023\/08\/ss-1-960x960.jpg 960w, https:\/\/jewelsbyares.com\/wp-content\/uploads\/2023\/08\/ss-1-150x150.jpg 150w, https:\/\/jewelsbyares.com\/wp-content\/uploads\/2023\/08\/ss-1-600x600.jpg 600w, https:\/\/jewelsbyares.com\/wp-content\/uploads\/2023\/08\/ss-1-300x300.jpg 300w, https:\/\/jewelsbyares.com\/wp-content\/uploads\/2023\/08\/ss-1-100x100.jpg 100w, https:\/\/jewelsbyares.com\/wp-content\/uploads\/2023\/08\/ss-1-768x768.jpg 768w, https:\/\/jewelsbyares.com\/wp-content\/uploads\/2023\/08\/ss-1-12x12.jpg 12w, https:\/\/jewelsbyares.com\/wp-content\/uploads\/2023\/08\/ss-1-96x96.jpg 96w, https:\/\/jewelsbyares.com\/wp-content\/uploads\/2023\/08\/ss-1.jpg 1000w\" sizes=\"(max-width: 640px) 100vw, 640px\" \/><\/p>","protected":false},"excerpt":{"rendered":"<ul style=\"list-style: none; padding: 0; margin: 0;\">\n<li style=\"display: flex; align-items: center; gap: 8px; font-family: 'Jost', sans-serif; font-size: 14px; font-weight: 400; color: #000000; line-height: 1.2; margin-bottom: 8px;\"><img loading=\"lazy\" decoding=\"async\" style=\"display: block; flex-shrink: 0;\" src=\"https:\/\/jewelsbyares.com\/wp-content\/uploads\/2023\/08\/Untitled-design-1.svg\" alt=\"\" width=\"25\" height=\"25\" \/>\n<div>Echtheitszertifikat f\u00fcr Diamanten<\/div>\n<\/li>\n<li style=\"display: flex; align-items: center; gap: 8px; font-family: 'Jost', sans-serif; font-size: 14px; font-weight: 400; color: #000000; line-height: 1.2; margin-bottom: 8px;\"><img loading=\"lazy\" decoding=\"async\" style=\"display: block; flex-shrink: 0;\" src=\"https:\/\/jewelsbyares.com\/wp-content\/uploads\/2023\/08\/Untitled-design-4-1.svg\" alt=\"\" width=\"25\" height=\"25\" \/>\n<div>Verstellbare Armbandgr\u00f6\u00dfe f\u00fcr alle Handgelenke<\/div>\n<\/li>\n<li style=\"display: flex; align-items: center; gap: 8px; font-family: 'Jost', sans-serif; font-size: 14px; font-weight: 400; color: #000000; line-height: 1.2; margin-bottom: 8px;\"><img loading=\"lazy\" decoding=\"async\" style=\"display: block; flex-shrink: 0;\" src=\"https:\/\/jewelsbyares.com\/wp-content\/uploads\/2023\/08\/Untitled-design-6.svg\" alt=\"\" width=\"25\" height=\"25\" \/>\n<div>Wasserfest und langlebig f\u00fcr den t\u00e4glichen Gebrauch<\/div>\n<\/li>\n<li style=\"display: flex; align-items: center; gap: 8px; font-family: 'Jost', sans-serif; font-size: 14px; font-weight: 400; color: #000000; line-height: 1.2;\"><img loading=\"lazy\" decoding=\"async\" style=\"display: block; flex-shrink: 0;\" src=\"https:\/\/jewelsbyares.com\/wp-content\/uploads\/2023\/08\/Untitled-design-7.svg\" alt=\"\" width=\"25\" height=\"25\" \/>\n<div>14-t\u00e4gige problemlose R\u00fcckgabe garantiert<\/div>\n<\/li>\n<\/ul>\n<hr style=\"border: 0; border-top: 1px solid #cccccc; margin: 16px 0 2px 0; width: 100%; max-width: 600px;\" \/>\n<p><a href=\"https:\/\/www.trustpilot.com\/review\/jewelsbyares.com\" target=\"_blank\" rel=\"noopener\"><img loading=\"lazy\" decoding=\"async\" class=\"alignnone wp-image-26443\" src=\"https:\/\/jewelsbyares.com\/wp-content\/uploads\/2024\/08\/Trustpilot.png\" alt=\"\" width=\"213\" height=\"34\" \/><\/a><\/p>","protected":false},"featured_media":27411,"comment_status":"open","ping_status":"closed","template":"","meta":[],"product_brand":[],"product_cat":[15,560,285,404],"product_tag":[],"class_list":{"0":"post-20926","1":"product","2":"type-product","3":"status-publish","4":"has-post-thumbnail","6":"product_cat-all-products","7":"product_cat-bestsellers","8":"product_cat-bracelets","9":"product_cat-string-bracelets","10":"tm-no-options","12":"first","13":"instock","14":"sale","15":"featured","16":"shipping-taxable","17":"purchasable","18":"product-type-variable","19":"has-default-attributes"},"yoast_head":"<!-- This site is optimized with the Yoast SEO plugin v27.4 - https:\/\/yoast.com\/product\/yoast-seo-wordpress\/ -->\n<title>Black Diamond String Bracelet - Jewels By Ares<\/title>\n<meta name=\"description\" content=\"\u201cProtection\u201d Diamond String Bracelet \u2013 Signifies protection, strength, and grounding. Worn to shield against negative influences and provide stability.\" \/>\n<meta name=\"robots\" content=\"index, follow, max-snippet:-1, max-image-preview:large, max-video-preview:-1\" \/>\n<link rel=\"canonical\" href=\"https:\/\/jewelsbyares.com\/de\/shop\/schutz-diamond-string-armband\/\" \/>\n<meta property=\"og:locale\" content=\"de_DE\" \/>\n<meta property=\"og:type\" content=\"article\" \/>\n<meta property=\"og:title\" content=\"Black Diamond String Bracelet - Jewels By Ares\" \/>\n<meta property=\"og:description\" content=\"\u201cProtection\u201d Diamond String Bracelet \u2013 Signifies protection, strength, and grounding. Worn to shield against negative influences and provide stability.\" \/>\n<meta property=\"og:url\" content=\"https:\/\/jewelsbyares.com\/de\/shop\/schutz-diamond-string-armband\/\" \/>\n<meta property=\"og:site_name\" content=\"Jewels By Ares\" \/>\n<meta property=\"article:publisher\" content=\"https:\/\/www.facebook.com\/people\/Jewels-by-ARES\/100087400417623\/\" \/>\n<meta property=\"article:modified_time\" content=\"2026-04-13T06:28:56+00:00\" \/>\n<meta property=\"og:image\" content=\"https:\/\/jewelsbyares.com\/wp-content\/uploads\/2023\/08\/Protection-Diamond-Black-String-Bracelet.jpg\" \/>\n\t<meta property=\"og:image:width\" content=\"3000\" \/>\n\t<meta property=\"og:image:height\" content=\"3000\" \/>\n\t<meta property=\"og:image:type\" content=\"image\/jpeg\" \/>\n<meta name=\"twitter:card\" content=\"summary_large_image\" \/>\n<meta name=\"twitter:label1\" content=\"Gesch\u00e4tzte Lesezeit\" \/>\n\t<meta name=\"twitter:data1\" content=\"3\u00a0Minuten\" \/>\n<script type=\"application\/ld+json\" class=\"yoast-schema-graph\">{\"@context\":\"https:\\\/\\\/schema.org\",\"@graph\":[{\"@type\":\"WebPage\",\"@id\":\"https:\\\/\\\/jewelsbyares.com\\\/shop\\\/protection-diamond-string-bracelet\\\/\",\"url\":\"https:\\\/\\\/jewelsbyares.com\\\/shop\\\/protection-diamond-string-bracelet\\\/\",\"name\":\"Black Diamond String Bracelet - Jewels By Ares\",\"isPartOf\":{\"@id\":\"https:\\\/\\\/jewelsbyares.com\\\/#website\"},\"primaryImageOfPage\":{\"@id\":\"https:\\\/\\\/jewelsbyares.com\\\/shop\\\/protection-diamond-string-bracelet\\\/#primaryimage\"},\"image\":{\"@id\":\"https:\\\/\\\/jewelsbyares.com\\\/shop\\\/protection-diamond-string-bracelet\\\/#primaryimage\"},\"thumbnailUrl\":\"https:\\\/\\\/jewelsbyares.com\\\/wp-content\\\/uploads\\\/2023\\\/08\\\/Protection-Diamond-Black-String-Bracelet.jpg\",\"datePublished\":\"2023-08-13T13:20:13+00:00\",\"dateModified\":\"2026-04-13T06:28:56+00:00\",\"description\":\"\u201cProtection\u201d Diamond String Bracelet \u2013 Signifies protection, strength, and grounding. Worn to shield against negative influences and provide stability.\",\"breadcrumb\":{\"@id\":\"https:\\\/\\\/jewelsbyares.com\\\/shop\\\/protection-diamond-string-bracelet\\\/#breadcrumb\"},\"inLanguage\":\"de\",\"potentialAction\":[{\"@type\":\"ReadAction\",\"target\":[\"https:\\\/\\\/jewelsbyares.com\\\/shop\\\/protection-diamond-string-bracelet\\\/\"]}]},{\"@type\":\"ImageObject\",\"inLanguage\":\"de\",\"@id\":\"https:\\\/\\\/jewelsbyares.com\\\/shop\\\/protection-diamond-string-bracelet\\\/#primaryimage\",\"url\":\"https:\\\/\\\/jewelsbyares.com\\\/wp-content\\\/uploads\\\/2023\\\/08\\\/Protection-Diamond-Black-String-Bracelet.jpg\",\"contentUrl\":\"https:\\\/\\\/jewelsbyares.com\\\/wp-content\\\/uploads\\\/2023\\\/08\\\/Protection-Diamond-Black-String-Bracelet.jpg\",\"width\":3000,\"height\":3000,\"caption\":\"\u201cProtection\u201d Diamond Black String Bracelet in Yellow Gold\"},{\"@type\":\"BreadcrumbList\",\"@id\":\"https:\\\/\\\/jewelsbyares.com\\\/shop\\\/protection-diamond-string-bracelet\\\/#breadcrumb\",\"itemListElement\":[{\"@type\":\"ListItem\",\"position\":1,\"name\":\"Solid Gold Jewelry\",\"item\":\"https:\\\/\\\/jewelsbyares.com\\\/\"},{\"@type\":\"ListItem\",\"position\":2,\"name\":\"Shop\",\"item\":\"https:\\\/\\\/jewelsbyares.com\\\/shop\\\/\"},{\"@type\":\"ListItem\",\"position\":3,\"name\":\"Black Diamond String Bracelet\"}]},{\"@type\":\"WebSite\",\"@id\":\"https:\\\/\\\/jewelsbyares.com\\\/#website\",\"url\":\"https:\\\/\\\/jewelsbyares.com\\\/\",\"name\":\"Jewels By Ares\",\"description\":\"Solid Gold Jewelry\",\"publisher\":{\"@id\":\"https:\\\/\\\/jewelsbyares.com\\\/#organization\"},\"potentialAction\":[{\"@type\":\"SearchAction\",\"target\":{\"@type\":\"EntryPoint\",\"urlTemplate\":\"https:\\\/\\\/jewelsbyares.com\\\/?s={search_term_string}\"},\"query-input\":{\"@type\":\"PropertyValueSpecification\",\"valueRequired\":true,\"valueName\":\"search_term_string\"}}],\"inLanguage\":\"de\"},{\"@type\":\"Organization\",\"@id\":\"https:\\\/\\\/jewelsbyares.com\\\/#organization\",\"name\":\"Jewels By Ares\",\"url\":\"https:\\\/\\\/jewelsbyares.com\\\/\",\"logo\":{\"@type\":\"ImageObject\",\"inLanguage\":\"de\",\"@id\":\"https:\\\/\\\/jewelsbyares.com\\\/#\\\/schema\\\/logo\\\/image\\\/\",\"url\":\"https:\\\/\\\/jewelsbyares.com\\\/wp-content\\\/uploads\\\/2023\\\/08\\\/Untitled-design-2023-08-01T183835.567.png\",\"contentUrl\":\"https:\\\/\\\/jewelsbyares.com\\\/wp-content\\\/uploads\\\/2023\\\/08\\\/Untitled-design-2023-08-01T183835.567.png\",\"width\":120,\"height\":40,\"caption\":\"Jewels By Ares\"},\"image\":{\"@id\":\"https:\\\/\\\/jewelsbyares.com\\\/#\\\/schema\\\/logo\\\/image\\\/\"},\"sameAs\":[\"https:\\\/\\\/www.facebook.com\\\/people\\\/Jewels-by-ARES\\\/100087400417623\\\/\"]}]}<\/script>\n<!-- \/ Yoast SEO plugin. -->","yoast_head_json":{"title":"Schwarzer Diamant String-Armband - Jewels By Ares","description":"\"Protection\" Diamond String Bracelet - Bedeutet Schutz, St\u00e4rke und Erdung. Getragen, um vor negativen Einfl\u00fcssen zu sch\u00fctzen und Stabilit\u00e4t zu bieten.","robots":{"index":"index","follow":"follow","max-snippet":"max-snippet:-1","max-image-preview":"max-image-preview:large","max-video-preview":"max-video-preview:-1"},"canonical":"https:\/\/jewelsbyares.com\/de\/shop\/schutz-diamond-string-armband\/","og_locale":"de_DE","og_type":"article","og_title":"Black Diamond String Bracelet - Jewels By Ares","og_description":"\u201cProtection\u201d Diamond String Bracelet \u2013 Signifies protection, strength, and grounding. Worn to shield against negative influences and provide stability.","og_url":"https:\/\/jewelsbyares.com\/de\/shop\/schutz-diamond-string-armband\/","og_site_name":"Jewels By Ares","article_publisher":"https:\/\/www.facebook.com\/people\/Jewels-by-ARES\/100087400417623\/","article_modified_time":"2026-04-13T06:28:56+00:00","og_image":[{"width":3000,"height":3000,"url":"https:\/\/jewelsbyares.com\/wp-content\/uploads\/2023\/08\/Protection-Diamond-Black-String-Bracelet.jpg","type":"image\/jpeg"}],"twitter_card":"summary_large_image","twitter_misc":{"Gesch\u00e4tzte Lesezeit":"3\u00a0Minuten"},"schema":{"@context":"https:\/\/schema.org","@graph":[{"@type":"WebPage","@id":"https:\/\/jewelsbyares.com\/shop\/protection-diamond-string-bracelet\/","url":"https:\/\/jewelsbyares.com\/shop\/protection-diamond-string-bracelet\/","name":"Schwarzer Diamant String-Armband - Jewels By Ares","isPartOf":{"@id":"https:\/\/jewelsbyares.com\/#website"},"primaryImageOfPage":{"@id":"https:\/\/jewelsbyares.com\/shop\/protection-diamond-string-bracelet\/#primaryimage"},"image":{"@id":"https:\/\/jewelsbyares.com\/shop\/protection-diamond-string-bracelet\/#primaryimage"},"thumbnailUrl":"https:\/\/jewelsbyares.com\/wp-content\/uploads\/2023\/08\/Protection-Diamond-Black-String-Bracelet.jpg","datePublished":"2023-08-13T13:20:13+00:00","dateModified":"2026-04-13T06:28:56+00:00","description":"\"Protection\" Diamond String Bracelet - Bedeutet Schutz, St\u00e4rke und Erdung. Getragen, um vor negativen Einfl\u00fcssen zu sch\u00fctzen und Stabilit\u00e4t zu bieten.","breadcrumb":{"@id":"https:\/\/jewelsbyares.com\/shop\/protection-diamond-string-bracelet\/#breadcrumb"},"inLanguage":"de","potentialAction":[{"@type":"ReadAction","target":["https:\/\/jewelsbyares.com\/shop\/protection-diamond-string-bracelet\/"]}]},{"@type":"ImageObject","inLanguage":"de","@id":"https:\/\/jewelsbyares.com\/shop\/protection-diamond-string-bracelet\/#primaryimage","url":"https:\/\/jewelsbyares.com\/wp-content\/uploads\/2023\/08\/Protection-Diamond-Black-String-Bracelet.jpg","contentUrl":"https:\/\/jewelsbyares.com\/wp-content\/uploads\/2023\/08\/Protection-Diamond-Black-String-Bracelet.jpg","width":3000,"height":3000,"caption":"\u201cProtection\u201d Diamond Black String Bracelet in Yellow Gold"},{"@type":"BreadcrumbList","@id":"https:\/\/jewelsbyares.com\/shop\/protection-diamond-string-bracelet\/#breadcrumb","itemListElement":[{"@type":"ListItem","position":1,"name":"Solid Gold Jewelry","item":"https:\/\/jewelsbyares.com\/"},{"@type":"ListItem","position":2,"name":"Shop","item":"https:\/\/jewelsbyares.com\/shop\/"},{"@type":"ListItem","position":3,"name":"Black Diamond String Bracelet"}]},{"@type":"WebSite","@id":"https:\/\/jewelsbyares.com\/#website","url":"https:\/\/jewelsbyares.com\/","name":"Juwelen von Ares","description":"Massivgold-Schmuck","publisher":{"@id":"https:\/\/jewelsbyares.com\/#organization"},"potentialAction":[{"@type":"SearchAction","target":{"@type":"EntryPoint","urlTemplate":"https:\/\/jewelsbyares.com\/?s={search_term_string}"},"query-input":{"@type":"PropertyValueSpecification","valueRequired":true,"valueName":"search_term_string"}}],"inLanguage":"de"},{"@type":"Organization","@id":"https:\/\/jewelsbyares.com\/#organization","name":"Juwelen von Ares","url":"https:\/\/jewelsbyares.com\/","logo":{"@type":"ImageObject","inLanguage":"de","@id":"https:\/\/jewelsbyares.com\/#\/schema\/logo\/image\/","url":"https:\/\/jewelsbyares.com\/wp-content\/uploads\/2023\/08\/Untitled-design-2023-08-01T183835.567.png","contentUrl":"https:\/\/jewelsbyares.com\/wp-content\/uploads\/2023\/08\/Untitled-design-2023-08-01T183835.567.png","width":120,"height":40,"caption":"Jewels By Ares"},"image":{"@id":"https:\/\/jewelsbyares.com\/#\/schema\/logo\/image\/"},"sameAs":["https:\/\/www.facebook.com\/people\/Jewels-by-ARES\/100087400417623\/"]}]}},"_links":{"self":[{"href":"https:\/\/jewelsbyares.com\/de\/wp-json\/wp\/v2\/product\/20926","targetHints":{"allow":["GET"]}}],"collection":[{"href":"https:\/\/jewelsbyares.com\/de\/wp-json\/wp\/v2\/product"}],"about":[{"href":"https:\/\/jewelsbyares.com\/de\/wp-json\/wp\/v2\/types\/product"}],"replies":[{"embeddable":true,"href":"https:\/\/jewelsbyares.com\/de\/wp-json\/wp\/v2\/comments?post=20926"}],"version-history":[{"count":33,"href":"https:\/\/jewelsbyares.com\/de\/wp-json\/wp\/v2\/product\/20926\/revisions"}],"predecessor-version":[{"id":27466,"href":"https:\/\/jewelsbyares.com\/de\/wp-json\/wp\/v2\/product\/20926\/revisions\/27466"}],"wp:featuredmedia":[{"embeddable":true,"href":"https:\/\/jewelsbyares.com\/de\/wp-json\/wp\/v2\/media\/27411"}],"wp:attachment":[{"href":"https:\/\/jewelsbyares.com\/de\/wp-json\/wp\/v2\/media?parent=20926"}],"wp:term":[{"taxonomy":"product_brand","embeddable":true,"href":"https:\/\/jewelsbyares.com\/de\/wp-json\/wp\/v2\/product_brand?post=20926"},{"taxonomy":"product_cat","embeddable":true,"href":"https:\/\/jewelsbyares.com\/de\/wp-json\/wp\/v2\/product_cat?post=20926"},{"taxonomy":"product_tag","embeddable":true,"href":"https:\/\/jewelsbyares.com\/de\/wp-json\/wp\/v2\/product_tag?post=20926"}],"curies":[{"name":"wp","href":"https:\/\/api.w.org\/{rel}","templated":true}]}}