{"id":22468,"date":"2024-01-28T19:28:07","date_gmt":"2024-01-28T19:28:07","guid":{"rendered":"https:\/\/jewelsbyares.com\/?post_type=product&#038;p=22468"},"modified":"2026-04-13T06:28:54","modified_gmt":"2026-04-13T06:28:54","slug":"bransoletka-z-diamentowym-sercem","status":"publish","type":"product","link":"https:\/\/jewelsbyares.com\/pl\/shop\/heart-diamond-string-bracelet\/","title":{"rendered":"Bransoletka na sznurku \u201eSerce\u201d z diamentem"},"content":{"rendered":"<p>Ta bransoletka jest wykonana z <span style=\"color: #198754;\"><strong>Certyfikowany diament<\/strong><\/span>, <span style=\"color: #ffbf27;\"><strong>14-karatowe lite z\u0142oto<\/strong><\/span> oraz <strong>Wysokiej jako\u015bci jedwabna ni\u0107<\/strong>. Regulowana do rozmiaru nadgarstka, idealnie pasuje na ka\u017cdy nadgarstek, og\u00f3lnie elegancka i minimalistyczna bransoletka do noszenia na co dzie\u0144.<\/p>\n<p>Do wyboru s\u0105 <strong>3 z\u0142ote kolory<\/strong> (\u017c\u00f3\u0142te z\u0142oto, bia\u0142e z\u0142oto lub r\u00f3\u017cowe z\u0142oto) i <strong>5 kolor\u00f3w sznurka<\/strong> (czerwony, czarny, bia\u0142y, niebieski i zielony).<\/p>\n<p><em>Ka\u017cdy kolor sznurka ma swoje g\u0142\u0119bokie znaczenie i znaczenie<\/em>:<\/p>\n<p>Reprezentuje <em>ochrona<\/em>, <em>szcz\u0119\u015bcie<\/em>oraz <em>pozytywna energia<\/em>. Noszone, aby odeprze\u0107 negatywne emocje i zaprosi\u0107 <em>szcz\u0119\u015bcie<\/em>.<\/p>\n<p>\u26ab Oznacza <em>ochrona<\/em>, <em>si\u0142a<\/em>oraz <em>uziemienie<\/em>. Noszone do <em>tarcza<\/em> przed negatywnymi wp\u0142ywami i <em>zapewni\u0107 stabilno\u015b\u0107<\/em>.<\/p>\n<p>\u26aa Oznacza <em>czysto\u015b\u0107<\/em>przejrzysto\u015b\u0107 i <em>nowe pocz\u0105tki<\/em>. Noszony dla <em>\u015bwie\u017cy start<\/em>, <em>pok\u00f3j<\/em>oraz <em>rozw\u00f3j duchowy<\/em>.<\/p>\n<p>Reprezentuje <em>spok\u00f3j<\/em>, <em>komunikacja<\/em>oraz <em>spok\u00f3j<\/em>. Noszone w celu zwi\u0119kszenia <em>umiej\u0119tno\u015bci komunikacyjne<\/em> i wspiera\u0107 <em>spokojny spos\u00f3b my\u015blenia<\/em>.<\/p>\n<p>\ud83d\udfe2 Symbolizuje <em>wzrost<\/em>, <em>harmonia<\/em>oraz <em>natura<\/em>. Noszone w celu przyci\u0105gni\u0119cia <em>dobrobyt<\/em>, <em>zdrowie<\/em>oraz <em>r\u00f3wnowaga<\/em>.<\/p>\n<p>\u2728 <strong>Szczeg\u00f3\u0142y bransoletki:<\/strong><br \/>\n14-karatowe lite z\u0142oto <em>(Wszystkie kolory)<\/em><br \/>\n<em>Wielokolorowy<\/em> bransoletka sznurkowa<br \/>\nRegulowana d\u0142ugo\u015b\u0107 bransoletki <em>(Jeden rozmiar dla wszystkich)<\/em><\/p>\n<p>\ud83d\udc8e <strong>Szczeg\u00f3\u0142y diamentu:<\/strong><br \/>\nKszta\u0142t diamentu: Okr\u0105g\u0142y<br \/>\nKolor diamentu: H<br \/>\nCzysto\u015b\u0107 diamentu: SI<br \/>\nWaga diamentu: 0.02ct<\/p>\n<p>\ud83c\udf0d <strong>Dostawa na ca\u0142y \u015bwiat:<\/strong><br \/>\n<em>Europa<\/em> 1-7 dni roboczych<br \/>\n<em>Wsz\u0119dzie indziej<\/em> 5-20 dni roboczych<\/p>","protected":false},"excerpt":{"rendered":"<div style=\"border-left: 4px solid #2c3e50; background: #f4f6f7; padding: 12px 16px; max-width: 500px; font-family: Arial, sans-serif; font-size: 13px; margin-bottom: -12px;\"><strong>Diamentowa etykieta autentyczno\u015bci w zestawie \u2713<\/strong><\/div>","protected":false},"featured_media":22554,"comment_status":"open","ping_status":"closed","template":"","meta":[],"product_brand":[],"product_cat":[15,285],"product_tag":[],"class_list":{"0":"post-22468","1":"product","2":"type-product","3":"status-publish","4":"has-post-thumbnail","6":"product_cat-all-products","7":"product_cat-bracelets","8":"tm-no-options","10":"first","11":"instock","12":"shipping-taxable","13":"purchasable","14":"product-type-variable","15":"has-default-attributes"},"yoast_head":"<!-- This site is optimized with the Yoast SEO plugin v27.4 - https:\/\/yoast.com\/product\/yoast-seo-wordpress\/ -->\n<title>&quot;Heart&quot; Diamond String Bracelet - Jewels By Ares<\/title>\n<meta name=\"description\" content=\"Diamond Authenticity Label Included \u2713\" \/>\n<meta name=\"robots\" content=\"index, follow, max-snippet:-1, max-image-preview:large, max-video-preview:-1\" \/>\n<link rel=\"canonical\" href=\"https:\/\/jewelsbyares.com\/pl\/sklep\/bransoletka-z-diamentowym-sercem\/\" \/>\n<meta property=\"og:locale\" content=\"pl_PL\" \/>\n<meta property=\"og:type\" content=\"article\" \/>\n<meta property=\"og:title\" content=\"&quot;Heart&quot; Diamond String Bracelet - Jewels By Ares\" \/>\n<meta property=\"og:description\" content=\"Diamond Authenticity Label Included \u2713\" \/>\n<meta property=\"og:url\" content=\"https:\/\/jewelsbyares.com\/pl\/sklep\/bransoletka-z-diamentowym-sercem\/\" \/>\n<meta property=\"og:site_name\" content=\"Jewels By Ares\" \/>\n<meta property=\"article:publisher\" content=\"https:\/\/www.facebook.com\/people\/Jewels-by-ARES\/100087400417623\/\" \/>\n<meta property=\"article:modified_time\" content=\"2026-04-13T06:28:54+00:00\" \/>\n<meta property=\"og:image\" content=\"https:\/\/jewelsbyares.com\/wp-content\/uploads\/2024\/01\/balsir.jpg\" \/>\n\t<meta property=\"og:image:width\" content=\"1200\" \/>\n\t<meta property=\"og:image:height\" content=\"1200\" \/>\n\t<meta property=\"og:image:type\" content=\"image\/jpeg\" \/>\n<meta name=\"twitter:card\" content=\"summary_large_image\" \/>\n<meta name=\"twitter:label1\" content=\"Szacowany czas czytania\" \/>\n\t<meta name=\"twitter:data1\" content=\"2 minuty\" \/>\n<script type=\"application\/ld+json\" class=\"yoast-schema-graph\">{\"@context\":\"https:\\\/\\\/schema.org\",\"@graph\":[{\"@type\":\"WebPage\",\"@id\":\"https:\\\/\\\/jewelsbyares.com\\\/shop\\\/heart-diamond-string-bracelet\\\/\",\"url\":\"https:\\\/\\\/jewelsbyares.com\\\/shop\\\/heart-diamond-string-bracelet\\\/\",\"name\":\"\\\"Heart\\\" Diamond String Bracelet - Jewels By Ares\",\"isPartOf\":{\"@id\":\"https:\\\/\\\/jewelsbyares.com\\\/#website\"},\"primaryImageOfPage\":{\"@id\":\"https:\\\/\\\/jewelsbyares.com\\\/shop\\\/heart-diamond-string-bracelet\\\/#primaryimage\"},\"image\":{\"@id\":\"https:\\\/\\\/jewelsbyares.com\\\/shop\\\/heart-diamond-string-bracelet\\\/#primaryimage\"},\"thumbnailUrl\":\"https:\\\/\\\/jewelsbyares.com\\\/wp-content\\\/uploads\\\/2024\\\/01\\\/balsir.jpg\",\"datePublished\":\"2024-01-28T19:28:07+00:00\",\"dateModified\":\"2026-04-13T06:28:54+00:00\",\"description\":\"Diamond Authenticity Label Included \u2713\",\"breadcrumb\":{\"@id\":\"https:\\\/\\\/jewelsbyares.com\\\/shop\\\/heart-diamond-string-bracelet\\\/#breadcrumb\"},\"inLanguage\":\"pl-PL\",\"potentialAction\":[{\"@type\":\"ReadAction\",\"target\":[\"https:\\\/\\\/jewelsbyares.com\\\/shop\\\/heart-diamond-string-bracelet\\\/\"]}]},{\"@type\":\"ImageObject\",\"inLanguage\":\"pl-PL\",\"@id\":\"https:\\\/\\\/jewelsbyares.com\\\/shop\\\/heart-diamond-string-bracelet\\\/#primaryimage\",\"url\":\"https:\\\/\\\/jewelsbyares.com\\\/wp-content\\\/uploads\\\/2024\\\/01\\\/balsir.jpg\",\"contentUrl\":\"https:\\\/\\\/jewelsbyares.com\\\/wp-content\\\/uploads\\\/2024\\\/01\\\/balsir.jpg\",\"width\":1200,\"height\":1200,\"caption\":\"\\\"Heart\\\" Diamond String Bracelet\"},{\"@type\":\"BreadcrumbList\",\"@id\":\"https:\\\/\\\/jewelsbyares.com\\\/shop\\\/heart-diamond-string-bracelet\\\/#breadcrumb\",\"itemListElement\":[{\"@type\":\"ListItem\",\"position\":1,\"name\":\"Solid Gold Jewelry\",\"item\":\"https:\\\/\\\/jewelsbyares.com\\\/\"},{\"@type\":\"ListItem\",\"position\":2,\"name\":\"Shop\",\"item\":\"https:\\\/\\\/jewelsbyares.com\\\/shop\\\/\"},{\"@type\":\"ListItem\",\"position\":3,\"name\":\"&#8220;Heart&#8221; Diamond String Bracelet\"}]},{\"@type\":\"WebSite\",\"@id\":\"https:\\\/\\\/jewelsbyares.com\\\/#website\",\"url\":\"https:\\\/\\\/jewelsbyares.com\\\/\",\"name\":\"Jewels By Ares\",\"description\":\"Solid Gold Jewelry\",\"publisher\":{\"@id\":\"https:\\\/\\\/jewelsbyares.com\\\/#organization\"},\"potentialAction\":[{\"@type\":\"SearchAction\",\"target\":{\"@type\":\"EntryPoint\",\"urlTemplate\":\"https:\\\/\\\/jewelsbyares.com\\\/?s={search_term_string}\"},\"query-input\":{\"@type\":\"PropertyValueSpecification\",\"valueRequired\":true,\"valueName\":\"search_term_string\"}}],\"inLanguage\":\"pl-PL\"},{\"@type\":\"Organization\",\"@id\":\"https:\\\/\\\/jewelsbyares.com\\\/#organization\",\"name\":\"Jewels By Ares\",\"url\":\"https:\\\/\\\/jewelsbyares.com\\\/\",\"logo\":{\"@type\":\"ImageObject\",\"inLanguage\":\"pl-PL\",\"@id\":\"https:\\\/\\\/jewelsbyares.com\\\/#\\\/schema\\\/logo\\\/image\\\/\",\"url\":\"https:\\\/\\\/jewelsbyares.com\\\/wp-content\\\/uploads\\\/2023\\\/08\\\/Untitled-design-2023-08-01T183835.567.png\",\"contentUrl\":\"https:\\\/\\\/jewelsbyares.com\\\/wp-content\\\/uploads\\\/2023\\\/08\\\/Untitled-design-2023-08-01T183835.567.png\",\"width\":120,\"height\":40,\"caption\":\"Jewels By Ares\"},\"image\":{\"@id\":\"https:\\\/\\\/jewelsbyares.com\\\/#\\\/schema\\\/logo\\\/image\\\/\"},\"sameAs\":[\"https:\\\/\\\/www.facebook.com\\\/people\\\/Jewels-by-ARES\\\/100087400417623\\\/\"]}]}<\/script>\n<!-- \/ Yoast SEO plugin. -->","yoast_head_json":{"title":"Diamentowa bransoletka sznurkowa \"Serce\" - Jewels By Ares","description":"Diamentowa etykieta autentyczno\u015bci w zestawie \u2713","robots":{"index":"index","follow":"follow","max-snippet":"max-snippet:-1","max-image-preview":"max-image-preview:large","max-video-preview":"max-video-preview:-1"},"canonical":"https:\/\/jewelsbyares.com\/pl\/sklep\/bransoletka-z-diamentowym-sercem\/","og_locale":"pl_PL","og_type":"article","og_title":"\"Heart\" Diamond String Bracelet - Jewels By Ares","og_description":"Diamond Authenticity Label Included \u2713","og_url":"https:\/\/jewelsbyares.com\/pl\/sklep\/bransoletka-z-diamentowym-sercem\/","og_site_name":"Jewels By Ares","article_publisher":"https:\/\/www.facebook.com\/people\/Jewels-by-ARES\/100087400417623\/","article_modified_time":"2026-04-13T06:28:54+00:00","og_image":[{"width":1200,"height":1200,"url":"https:\/\/jewelsbyares.com\/wp-content\/uploads\/2024\/01\/balsir.jpg","type":"image\/jpeg"}],"twitter_card":"summary_large_image","twitter_misc":{"Szacowany czas czytania":"2 minuty"},"schema":{"@context":"https:\/\/schema.org","@graph":[{"@type":"WebPage","@id":"https:\/\/jewelsbyares.com\/shop\/heart-diamond-string-bracelet\/","url":"https:\/\/jewelsbyares.com\/shop\/heart-diamond-string-bracelet\/","name":"Diamentowa bransoletka sznurkowa \"Serce\" - Jewels By Ares","isPartOf":{"@id":"https:\/\/jewelsbyares.com\/#website"},"primaryImageOfPage":{"@id":"https:\/\/jewelsbyares.com\/shop\/heart-diamond-string-bracelet\/#primaryimage"},"image":{"@id":"https:\/\/jewelsbyares.com\/shop\/heart-diamond-string-bracelet\/#primaryimage"},"thumbnailUrl":"https:\/\/jewelsbyares.com\/wp-content\/uploads\/2024\/01\/balsir.jpg","datePublished":"2024-01-28T19:28:07+00:00","dateModified":"2026-04-13T06:28:54+00:00","description":"Diamentowa etykieta autentyczno\u015bci w zestawie \u2713","breadcrumb":{"@id":"https:\/\/jewelsbyares.com\/shop\/heart-diamond-string-bracelet\/#breadcrumb"},"inLanguage":"pl-PL","potentialAction":[{"@type":"ReadAction","target":["https:\/\/jewelsbyares.com\/shop\/heart-diamond-string-bracelet\/"]}]},{"@type":"ImageObject","inLanguage":"pl-PL","@id":"https:\/\/jewelsbyares.com\/shop\/heart-diamond-string-bracelet\/#primaryimage","url":"https:\/\/jewelsbyares.com\/wp-content\/uploads\/2024\/01\/balsir.jpg","contentUrl":"https:\/\/jewelsbyares.com\/wp-content\/uploads\/2024\/01\/balsir.jpg","width":1200,"height":1200,"caption":"\"Heart\" Diamond String Bracelet"},{"@type":"BreadcrumbList","@id":"https:\/\/jewelsbyares.com\/shop\/heart-diamond-string-bracelet\/#breadcrumb","itemListElement":[{"@type":"ListItem","position":1,"name":"Solid Gold Jewelry","item":"https:\/\/jewelsbyares.com\/"},{"@type":"ListItem","position":2,"name":"Shop","item":"https:\/\/jewelsbyares.com\/shop\/"},{"@type":"ListItem","position":3,"name":"&#8220;Heart&#8221; Diamond String Bracelet"}]},{"@type":"WebSite","@id":"https:\/\/jewelsbyares.com\/#website","url":"https:\/\/jewelsbyares.com\/","name":"Jewels By Ares","description":"Autentyczna z\u0142ota bi\u017cuteria","publisher":{"@id":"https:\/\/jewelsbyares.com\/#organization"},"potentialAction":[{"@type":"SearchAction","target":{"@type":"EntryPoint","urlTemplate":"https:\/\/jewelsbyares.com\/?s={search_term_string}"},"query-input":{"@type":"PropertyValueSpecification","valueRequired":true,"valueName":"search_term_string"}}],"inLanguage":"pl-PL"},{"@type":"Organization","@id":"https:\/\/jewelsbyares.com\/#organization","name":"Jewels By Ares","url":"https:\/\/jewelsbyares.com\/","logo":{"@type":"ImageObject","inLanguage":"pl-PL","@id":"https:\/\/jewelsbyares.com\/#\/schema\/logo\/image\/","url":"https:\/\/jewelsbyares.com\/wp-content\/uploads\/2023\/08\/Untitled-design-2023-08-01T183835.567.png","contentUrl":"https:\/\/jewelsbyares.com\/wp-content\/uploads\/2023\/08\/Untitled-design-2023-08-01T183835.567.png","width":120,"height":40,"caption":"Jewels By Ares"},"image":{"@id":"https:\/\/jewelsbyares.com\/#\/schema\/logo\/image\/"},"sameAs":["https:\/\/www.facebook.com\/people\/Jewels-by-ARES\/100087400417623\/"]}]}},"_links":{"self":[{"href":"https:\/\/jewelsbyares.com\/pl\/wp-json\/wp\/v2\/product\/22468","targetHints":{"allow":["GET"]}}],"collection":[{"href":"https:\/\/jewelsbyares.com\/pl\/wp-json\/wp\/v2\/product"}],"about":[{"href":"https:\/\/jewelsbyares.com\/pl\/wp-json\/wp\/v2\/types\/product"}],"replies":[{"embeddable":true,"href":"https:\/\/jewelsbyares.com\/pl\/wp-json\/wp\/v2\/comments?post=22468"}],"version-history":[{"count":5,"href":"https:\/\/jewelsbyares.com\/pl\/wp-json\/wp\/v2\/product\/22468\/revisions"}],"predecessor-version":[{"id":22543,"href":"https:\/\/jewelsbyares.com\/pl\/wp-json\/wp\/v2\/product\/22468\/revisions\/22543"}],"wp:featuredmedia":[{"embeddable":true,"href":"https:\/\/jewelsbyares.com\/pl\/wp-json\/wp\/v2\/media\/22554"}],"wp:attachment":[{"href":"https:\/\/jewelsbyares.com\/pl\/wp-json\/wp\/v2\/media?parent=22468"}],"wp:term":[{"taxonomy":"product_brand","embeddable":true,"href":"https:\/\/jewelsbyares.com\/pl\/wp-json\/wp\/v2\/product_brand?post=22468"},{"taxonomy":"product_cat","embeddable":true,"href":"https:\/\/jewelsbyares.com\/pl\/wp-json\/wp\/v2\/product_cat?post=22468"},{"taxonomy":"product_tag","embeddable":true,"href":"https:\/\/jewelsbyares.com\/pl\/wp-json\/wp\/v2\/product_tag?post=22468"}],"curies":[{"name":"wp","href":"https:\/\/api.w.org\/{rel}","templated":true}]}}